{"id":1070,"date":"2025-03-28T19:04:07","date_gmt":"2025-03-28T19:04:07","guid":{"rendered":"https:\/\/bassenuts.com\/product\/dried-jumbo-golden-raisins\/"},"modified":"2025-06-04T09:21:20","modified_gmt":"2025-06-04T09:21:20","slug":"raisins-dores-geants","status":"publish","type":"product","link":"https:\/\/bassenuts.com\/fr\/product\/raisins-dores-geants\/","title":{"rendered":"RAISINS DOR\u00c9S G\u00c9ANTS"},"content":{"rendered":"\r\n<p>Les <strong><em>Raisins Dor\u00e9s G\u00e9ants<\/em><\/strong> de Bass\u00e9 offrent une d\u00e9licieuse explosion de douceur \u00e0 chaque bouch\u00e9e. Id\u00e9aux pour \u00eatre d\u00e9gust\u00e9s comme collation ou pour rehausser une vari\u00e9t\u00e9 de plats et de m\u00e9langes \u00e0 grignoter faits maison.\u00a0<\/p>\r\n","protected":false},"featured_media":2770,"template":"","product-category":[21],"class_list":["post-1070","product","type-product","status-publish","has-post-thumbnail","hentry","product-category-fruits-seches"],"acf":[],"aioseo_notices":[],"_links":{"self":[{"href":"https:\/\/bassenuts.com\/fr\/wp-json\/wp\/v2\/product\/1070","targetHints":{"allow":["GET"]}}],"collection":[{"href":"https:\/\/bassenuts.com\/fr\/wp-json\/wp\/v2\/product"}],"about":[{"href":"https:\/\/bassenuts.com\/fr\/wp-json\/wp\/v2\/types\/product"}],"wp:featuredmedia":[{"embeddable":true,"href":"https:\/\/bassenuts.com\/fr\/wp-json\/wp\/v2\/media\/2770"}],"wp:attachment":[{"href":"https:\/\/bassenuts.com\/fr\/wp-json\/wp\/v2\/media?parent=1070"}],"wp:term":[{"taxonomy":"product-category","embeddable":true,"href":"https:\/\/bassenuts.com\/fr\/wp-json\/wp\/v2\/product-category?post=1070"}],"curies":[{"name":"wp","href":"https:\/\/api.w.org\/{rel}","templated":true}]}}