{"id":1069,"date":"2025-03-28T19:07:27","date_gmt":"2025-03-28T19:07:27","guid":{"rendered":"https:\/\/bassenuts.com\/product\/dried-white-mulberries\/"},"modified":"2025-06-04T09:54:22","modified_gmt":"2025-06-04T09:54:22","slug":"mures-blanches-sechees","status":"publish","type":"product","link":"https:\/\/bassenuts.com\/fr\/product\/mures-blanches-sechees\/","title":{"rendered":"M\u00dbRES BLANCHES S\u00c9CH\u00c9ES"},"content":{"rendered":"\r\n<p>Les <em><strong>M\u00fbres Blanches S\u00e9ch\u00e9es<\/strong><\/em> de Bass\u00e9 sont d\u00e9licieusement sucr\u00e9es et moelleuses. Elles sont id\u00e9ales pour \u00eatre d\u00e9gust\u00e9es comme collation ou comme garniture pour une vari\u00e9t\u00e9 de plats et de recettes de p\u00e2tisseries.\u00a0<\/p>\r\n","protected":false},"featured_media":2774,"template":"","product-category":[21],"class_list":["post-1069","product","type-product","status-publish","has-post-thumbnail","hentry","product-category-fruits-seches"],"acf":[],"aioseo_notices":[],"_links":{"self":[{"href":"https:\/\/bassenuts.com\/fr\/wp-json\/wp\/v2\/product\/1069","targetHints":{"allow":["GET"]}}],"collection":[{"href":"https:\/\/bassenuts.com\/fr\/wp-json\/wp\/v2\/product"}],"about":[{"href":"https:\/\/bassenuts.com\/fr\/wp-json\/wp\/v2\/types\/product"}],"wp:featuredmedia":[{"embeddable":true,"href":"https:\/\/bassenuts.com\/fr\/wp-json\/wp\/v2\/media\/2774"}],"wp:attachment":[{"href":"https:\/\/bassenuts.com\/fr\/wp-json\/wp\/v2\/media?parent=1069"}],"wp:term":[{"taxonomy":"product-category","embeddable":true,"href":"https:\/\/bassenuts.com\/fr\/wp-json\/wp\/v2\/product-category?post=1069"}],"curies":[{"name":"wp","href":"https:\/\/api.w.org\/{rel}","templated":true}]}}