{"id":1068,"date":"2025-03-28T19:10:52","date_gmt":"2025-03-28T19:10:52","guid":{"rendered":"https:\/\/bassenuts.com\/product\/dried-pitted-prunes\/"},"modified":"2025-06-04T10:09:15","modified_gmt":"2025-06-04T10:09:15","slug":"pruneaux-denoyautes-seches","status":"publish","type":"product","link":"https:\/\/bassenuts.com\/fr\/product\/pruneaux-denoyautes-seches\/","title":{"rendered":"PRUNEAUX D\u00c9NOYAUT\u00c9S S\u00c9CH\u00c9S \u2013 175g"},"content":{"rendered":"\r\n<p>Les <strong><em>Pruneaux D\u00e9noyaut\u00e9s S\u00e9ch\u00e9s<\/em><\/strong> de Bass\u00e9 sont parfaitement juteux et pleins de saveur. Ils peuvent \u00eatre d\u00e9gust\u00e9s en tant que collation ou utilis\u00e9s pour rehausser divers plats et recettes de p\u00e2tisseries.\u00a0\u00a0<\/p>\r\n","protected":false},"featured_media":2783,"template":"","product-category":[21],"class_list":["post-1068","product","type-product","status-publish","has-post-thumbnail","hentry","product-category-fruits-seches"],"acf":[],"aioseo_notices":[],"_links":{"self":[{"href":"https:\/\/bassenuts.com\/fr\/wp-json\/wp\/v2\/product\/1068","targetHints":{"allow":["GET"]}}],"collection":[{"href":"https:\/\/bassenuts.com\/fr\/wp-json\/wp\/v2\/product"}],"about":[{"href":"https:\/\/bassenuts.com\/fr\/wp-json\/wp\/v2\/types\/product"}],"wp:featuredmedia":[{"embeddable":true,"href":"https:\/\/bassenuts.com\/fr\/wp-json\/wp\/v2\/media\/2783"}],"wp:attachment":[{"href":"https:\/\/bassenuts.com\/fr\/wp-json\/wp\/v2\/media?parent=1068"}],"wp:term":[{"taxonomy":"product-category","embeddable":true,"href":"https:\/\/bassenuts.com\/fr\/wp-json\/wp\/v2\/product-category?post=1068"}],"curies":[{"name":"wp","href":"https:\/\/api.w.org\/{rel}","templated":true}]}}