{"id":1067,"date":"2025-03-28T19:14:03","date_gmt":"2025-03-28T19:14:03","guid":{"rendered":"https:\/\/bassenuts.com\/product\/dried-pitted-prunes-2\/"},"modified":"2025-06-04T10:19:15","modified_gmt":"2025-06-04T10:19:15","slug":"pruneaux-denoyautes-seches-2","status":"publish","type":"product","link":"https:\/\/bassenuts.com\/fr\/product\/pruneaux-denoyautes-seches-2\/","title":{"rendered":"PRUNEAUX D\u00c9NOYAUT\u00c9S S\u00c9CH\u00c9S \u2013 454g"},"content":{"rendered":"\r\n<p>Les <strong><em>Pruneaux D\u00e9noyaut\u00e9s S\u00e9ch\u00e9s<\/em><\/strong> de Bass\u00e9 sont parfaitement juteux et pleins de saveur. Ils peuvent \u00eatre d\u00e9gust\u00e9s en tant que collation ou utilis\u00e9s pour rehausser divers plats et recettes de p\u00e2tisseries.\u00a0\u00a0<\/p>\r\n","protected":false},"featured_media":2804,"template":"","product-category":[21],"class_list":["post-1067","product","type-product","status-publish","has-post-thumbnail","hentry","product-category-fruits-seches"],"acf":[],"aioseo_notices":[],"_links":{"self":[{"href":"https:\/\/bassenuts.com\/fr\/wp-json\/wp\/v2\/product\/1067","targetHints":{"allow":["GET"]}}],"collection":[{"href":"https:\/\/bassenuts.com\/fr\/wp-json\/wp\/v2\/product"}],"about":[{"href":"https:\/\/bassenuts.com\/fr\/wp-json\/wp\/v2\/types\/product"}],"wp:featuredmedia":[{"embeddable":true,"href":"https:\/\/bassenuts.com\/fr\/wp-json\/wp\/v2\/media\/2804"}],"wp:attachment":[{"href":"https:\/\/bassenuts.com\/fr\/wp-json\/wp\/v2\/media?parent=1067"}],"wp:term":[{"taxonomy":"product-category","embeddable":true,"href":"https:\/\/bassenuts.com\/fr\/wp-json\/wp\/v2\/product-category?post=1067"}],"curies":[{"name":"wp","href":"https:\/\/api.w.org\/{rel}","templated":true}]}}