{"id":1066,"date":"2025-03-28T19:17:52","date_gmt":"2025-03-28T19:17:52","guid":{"rendered":"https:\/\/bassenuts.com\/product\/jumbo-thompson-raisins\/"},"modified":"2025-06-04T11:10:23","modified_gmt":"2025-06-04T11:10:23","slug":"raisins-thompson-geants","status":"publish","type":"product","link":"https:\/\/bassenuts.com\/fr\/product\/raisins-thompson-geants\/","title":{"rendered":"RAISINS THOMPSON G\u00c9ANTS"},"content":{"rendered":"\r\n<p>Les <strong><em>Raisins Thompson G\u00e9ants<\/em><\/strong> de Bass\u00e9 sont moelleux, juteux et d\u00e9bordants de saveur. Ils peuvent \u00eatre d\u00e9gust\u00e9s en tant que collation ou utilis\u00e9s pour rehausser une vari\u00e9t\u00e9 de plats et de m\u00e9langes \u00e0 grignoter faits maison.\u00a0<\/p>\r\n","protected":false},"featured_media":2810,"template":"","product-category":[21],"class_list":["post-1066","product","type-product","status-publish","has-post-thumbnail","hentry","product-category-fruits-seches"],"acf":[],"aioseo_notices":[],"_links":{"self":[{"href":"https:\/\/bassenuts.com\/fr\/wp-json\/wp\/v2\/product\/1066","targetHints":{"allow":["GET"]}}],"collection":[{"href":"https:\/\/bassenuts.com\/fr\/wp-json\/wp\/v2\/product"}],"about":[{"href":"https:\/\/bassenuts.com\/fr\/wp-json\/wp\/v2\/types\/product"}],"wp:featuredmedia":[{"embeddable":true,"href":"https:\/\/bassenuts.com\/fr\/wp-json\/wp\/v2\/media\/2810"}],"wp:attachment":[{"href":"https:\/\/bassenuts.com\/fr\/wp-json\/wp\/v2\/media?parent=1066"}],"wp:term":[{"taxonomy":"product-category","embeddable":true,"href":"https:\/\/bassenuts.com\/fr\/wp-json\/wp\/v2\/product-category?post=1066"}],"curies":[{"name":"wp","href":"https:\/\/api.w.org\/{rel}","templated":true}]}}