{"id":1065,"date":"2025-03-28T19:22:29","date_gmt":"2025-03-28T19:22:29","guid":{"rendered":"https:\/\/bassenuts.com\/product\/dill-pickle-flavoured-cashews-4\/"},"modified":"2026-01-29T16:56:37","modified_gmt":"2026-01-29T16:56:37","slug":"noix-de-cajou-a-saveur-de-cornichons-a-laneth","status":"publish","type":"product","link":"https:\/\/bassenuts.com\/fr\/product\/noix-de-cajou-a-saveur-de-cornichons-a-laneth\/","title":{"rendered":"NOIX DE CAJOU \u00c0 SAVEUR DE CORNICHONS \u00c0 L&rsquo;ANETH \u2013 198g"},"content":{"rendered":"\r\n<p>Les <em><strong>Noix de Cajou \u00e0 Saveur de Cornichons \u00e0 l&rsquo;Aneth<\/strong><\/em> de Bass\u00e9 sont un en-cas audacieux et savoureux. Leur saveur acidul\u00e9e, vinaigr\u00e9e et savoureuse en font une collation innoubliable.<\/p>\r\n","protected":false},"featured_media":2708,"template":"","product-category":[230],"class_list":["post-1065","product","type-product","status-publish","has-post-thumbnail","hentry","product-category-essentiels-quotidiens"],"acf":[],"aioseo_notices":[],"_links":{"self":[{"href":"https:\/\/bassenuts.com\/fr\/wp-json\/wp\/v2\/product\/1065","targetHints":{"allow":["GET"]}}],"collection":[{"href":"https:\/\/bassenuts.com\/fr\/wp-json\/wp\/v2\/product"}],"about":[{"href":"https:\/\/bassenuts.com\/fr\/wp-json\/wp\/v2\/types\/product"}],"wp:featuredmedia":[{"embeddable":true,"href":"https:\/\/bassenuts.com\/fr\/wp-json\/wp\/v2\/media\/2708"}],"wp:attachment":[{"href":"https:\/\/bassenuts.com\/fr\/wp-json\/wp\/v2\/media?parent=1065"}],"wp:term":[{"taxonomy":"product-category","embeddable":true,"href":"https:\/\/bassenuts.com\/fr\/wp-json\/wp\/v2\/product-category?post=1065"}],"curies":[{"name":"wp","href":"https:\/\/api.w.org\/{rel}","templated":true}]}}