{"id":1063,"date":"2025-03-28T19:27:57","date_gmt":"2025-03-28T19:27:57","guid":{"rendered":"https:\/\/bassenuts.com\/product\/truffle-seasoned-cashews\/"},"modified":"2026-01-29T17:05:29","modified_gmt":"2026-01-29T17:05:29","slug":"noix-de-cajou-assaisonnees-a-la-truffe","status":"publish","type":"product","link":"https:\/\/bassenuts.com\/fr\/product\/noix-de-cajou-assaisonnees-a-la-truffe\/","title":{"rendered":"NOIX DE CAJOU ASSAISONN\u00c9ES \u00c0 LA TRUFFE"},"content":{"rendered":"\r\n<p>Les <em><strong>Noix de Cajou Assaisonn\u00e9es \u00e0 la Truffe<\/strong><\/em> de Bass\u00e9 sont savoureuses et indulgentes. La saveur riche et audacieuse de notre assaisonnement \u00e0 la truffe se marie parfaitement \u00e0 des noix de cajou onctueuses pour cr\u00e9er une collation irr\u00e9sistible.<\/p>\r\n","protected":false},"featured_media":2728,"template":"","product-category":[230],"class_list":["post-1063","product","type-product","status-publish","has-post-thumbnail","hentry","product-category-essentiels-quotidiens"],"acf":[],"aioseo_notices":[],"_links":{"self":[{"href":"https:\/\/bassenuts.com\/fr\/wp-json\/wp\/v2\/product\/1063","targetHints":{"allow":["GET"]}}],"collection":[{"href":"https:\/\/bassenuts.com\/fr\/wp-json\/wp\/v2\/product"}],"about":[{"href":"https:\/\/bassenuts.com\/fr\/wp-json\/wp\/v2\/types\/product"}],"wp:featuredmedia":[{"embeddable":true,"href":"https:\/\/bassenuts.com\/fr\/wp-json\/wp\/v2\/media\/2728"}],"wp:attachment":[{"href":"https:\/\/bassenuts.com\/fr\/wp-json\/wp\/v2\/media?parent=1063"}],"wp:term":[{"taxonomy":"product-category","embeddable":true,"href":"https:\/\/bassenuts.com\/fr\/wp-json\/wp\/v2\/product-category?post=1063"}],"curies":[{"name":"wp","href":"https:\/\/api.w.org\/{rel}","templated":true}]}}