{"id":1062,"date":"2025-03-28T19:32:57","date_gmt":"2025-03-28T19:32:57","guid":{"rendered":"https:\/\/bassenuts.com\/product\/berry-power-mix\/"},"modified":"2025-07-17T19:54:08","modified_gmt":"2025-07-17T19:54:08","slug":"melange-de-puissance-baies","status":"publish","type":"product","link":"https:\/\/bassenuts.com\/fr\/product\/melange-de-puissance-baies\/","title":{"rendered":"M\u00c9LANGE DE PUISSANCE BAIES"},"content":{"rendered":"\r\n<p>Le <strong><em>M\u00e9lange de Puissance Baies<\/em><\/strong> de Bass\u00e9 combine des graines de citrouille, des canneberges s\u00e9ch\u00e9es, des amandes, des m\u00fbres s\u00e9ch\u00e9es et des baies de goji. Ce format \u00e0 emballages multiples comprend 12 sachets de 28 g en portion individuelle.<\/p>\r\n","protected":false},"featured_media":3378,"template":"","product-category":[19],"class_list":["post-1062","product","type-product","status-publish","has-post-thumbnail","hentry","product-category-portions-individuelles"],"acf":[],"aioseo_notices":[],"_links":{"self":[{"href":"https:\/\/bassenuts.com\/fr\/wp-json\/wp\/v2\/product\/1062","targetHints":{"allow":["GET"]}}],"collection":[{"href":"https:\/\/bassenuts.com\/fr\/wp-json\/wp\/v2\/product"}],"about":[{"href":"https:\/\/bassenuts.com\/fr\/wp-json\/wp\/v2\/types\/product"}],"wp:featuredmedia":[{"embeddable":true,"href":"https:\/\/bassenuts.com\/fr\/wp-json\/wp\/v2\/media\/3378"}],"wp:attachment":[{"href":"https:\/\/bassenuts.com\/fr\/wp-json\/wp\/v2\/media?parent=1062"}],"wp:term":[{"taxonomy":"product-category","embeddable":true,"href":"https:\/\/bassenuts.com\/fr\/wp-json\/wp\/v2\/product-category?post=1062"}],"curies":[{"name":"wp","href":"https:\/\/api.w.org\/{rel}","templated":true}]}}