{"id":1061,"date":"2025-03-28T19:37:45","date_gmt":"2025-03-28T19:37:45","guid":{"rendered":"https:\/\/bassenuts.com\/product\/omega-power-mix-4\/"},"modified":"2025-07-17T19:53:37","modified_gmt":"2025-07-17T19:53:37","slug":"melange-de-puissance-omega-2","status":"publish","type":"product","link":"https:\/\/bassenuts.com\/fr\/product\/melange-de-puissance-omega-2\/","title":{"rendered":"M\u00c9LANGE DE PUISSANCE OM\u00c9GA \u2013 12 Pack"},"content":{"rendered":"\r\n<p>Le <em><strong>M\u00e9lange de puissance Om\u00e9ga<\/strong><\/em> de Bass\u00e9 est une d\u00e9licieuse combinaison de fruits et de noix comprenant des canneberges s\u00e9ch\u00e9es, des raisins secs, des mangues s\u00e9ch\u00e9es, des noix de Grenoble et des amandes. Ce format \u00e0 emballages multiples comprend 12 sachets de 28 g en portion individuelle.<\/p>\r\n","protected":false},"featured_media":3370,"template":"","product-category":[19],"class_list":["post-1061","product","type-product","status-publish","has-post-thumbnail","hentry","product-category-portions-individuelles"],"acf":[],"aioseo_notices":[],"_links":{"self":[{"href":"https:\/\/bassenuts.com\/fr\/wp-json\/wp\/v2\/product\/1061","targetHints":{"allow":["GET"]}}],"collection":[{"href":"https:\/\/bassenuts.com\/fr\/wp-json\/wp\/v2\/product"}],"about":[{"href":"https:\/\/bassenuts.com\/fr\/wp-json\/wp\/v2\/types\/product"}],"wp:featuredmedia":[{"embeddable":true,"href":"https:\/\/bassenuts.com\/fr\/wp-json\/wp\/v2\/media\/3370"}],"wp:attachment":[{"href":"https:\/\/bassenuts.com\/fr\/wp-json\/wp\/v2\/media?parent=1061"}],"wp:term":[{"taxonomy":"product-category","embeddable":true,"href":"https:\/\/bassenuts.com\/fr\/wp-json\/wp\/v2\/product-category?post=1061"}],"curies":[{"name":"wp","href":"https:\/\/api.w.org\/{rel}","templated":true}]}}