{"id":1060,"date":"2025-03-28T19:45:27","date_gmt":"2025-03-28T19:45:27","guid":{"rendered":"https:\/\/bassenuts.com\/product\/peak-power-mix\/"},"modified":"2025-06-04T11:51:55","modified_gmt":"2025-06-04T11:51:55","slug":"melange-de-puissance-sommet","status":"publish","type":"product","link":"https:\/\/bassenuts.com\/fr\/product\/melange-de-puissance-sommet\/","title":{"rendered":"M\u00c9LANGE DE PUISSANCE SOMMET"},"content":{"rendered":"\r\n<p>Le <em><strong>M\u00e9lange de Puissance Sommet<\/strong><\/em> de Bass\u00e9 combine des graines de tournesol, des raisins enrob\u00e9s de chocolat noir, des amandes et des noix de cajou pour cr\u00e9er une collation croustillante et moelleuse. Ce format \u00e0 emballages multiples comprend 12 sachets de 28 g en portion individuelle.<\/p>\r\n","protected":false},"featured_media":2847,"template":"","product-category":[19],"class_list":["post-1060","product","type-product","status-publish","has-post-thumbnail","hentry","product-category-portions-individuelles"],"acf":[],"aioseo_notices":[],"_links":{"self":[{"href":"https:\/\/bassenuts.com\/fr\/wp-json\/wp\/v2\/product\/1060","targetHints":{"allow":["GET"]}}],"collection":[{"href":"https:\/\/bassenuts.com\/fr\/wp-json\/wp\/v2\/product"}],"about":[{"href":"https:\/\/bassenuts.com\/fr\/wp-json\/wp\/v2\/types\/product"}],"wp:featuredmedia":[{"embeddable":true,"href":"https:\/\/bassenuts.com\/fr\/wp-json\/wp\/v2\/media\/2847"}],"wp:attachment":[{"href":"https:\/\/bassenuts.com\/fr\/wp-json\/wp\/v2\/media?parent=1060"}],"wp:term":[{"taxonomy":"product-category","embeddable":true,"href":"https:\/\/bassenuts.com\/fr\/wp-json\/wp\/v2\/product-category?post=1060"}],"curies":[{"name":"wp","href":"https:\/\/api.w.org\/{rel}","templated":true}]}}