{"id":1059,"date":"2025-03-28T19:49:10","date_gmt":"2025-03-28T19:49:10","guid":{"rendered":"https:\/\/bassenuts.com\/product\/plant-power-mix\/"},"modified":"2025-06-04T11:56:05","modified_gmt":"2025-06-04T11:56:05","slug":"melange-de-puissance-plantes","status":"publish","type":"product","link":"https:\/\/bassenuts.com\/fr\/product\/melange-de-puissance-plantes\/","title":{"rendered":"M\u00c9LANGE DE PUISSANCE PLANTES"},"content":{"rendered":"\r\n<p>Le <em><strong>M\u00e9lange de Puissance Plantes<\/strong><\/em> de Bass\u00e9 est une combinaison prot\u00e9in\u00e9e d&rsquo;edamame, de canneberges s\u00e9ch\u00e9es, d&rsquo;amandes et de graines de citrouille. Ce format \u00e0 emballages multiples comprend 12 sachets de 28 g en portion individuelle.<\/p>\r\n","protected":false},"featured_media":2849,"template":"","product-category":[19],"class_list":["post-1059","product","type-product","status-publish","has-post-thumbnail","hentry","product-category-portions-individuelles"],"acf":[],"aioseo_notices":[],"_links":{"self":[{"href":"https:\/\/bassenuts.com\/fr\/wp-json\/wp\/v2\/product\/1059","targetHints":{"allow":["GET"]}}],"collection":[{"href":"https:\/\/bassenuts.com\/fr\/wp-json\/wp\/v2\/product"}],"about":[{"href":"https:\/\/bassenuts.com\/fr\/wp-json\/wp\/v2\/types\/product"}],"wp:featuredmedia":[{"embeddable":true,"href":"https:\/\/bassenuts.com\/fr\/wp-json\/wp\/v2\/media\/2849"}],"wp:attachment":[{"href":"https:\/\/bassenuts.com\/fr\/wp-json\/wp\/v2\/media?parent=1059"}],"wp:term":[{"taxonomy":"product-category","embeddable":true,"href":"https:\/\/bassenuts.com\/fr\/wp-json\/wp\/v2\/product-category?post=1059"}],"curies":[{"name":"wp","href":"https:\/\/api.w.org\/{rel}","templated":true}]}}