{"id":1058,"date":"2025-03-28T19:53:50","date_gmt":"2025-03-28T19:53:50","guid":{"rendered":"https:\/\/bassenuts.com\/product\/balance-mix\/"},"modified":"2025-07-17T21:00:27","modified_gmt":"2025-07-17T21:00:27","slug":"melange-balance","status":"publish","type":"product","link":"https:\/\/bassenuts.com\/fr\/product\/melange-balance\/","title":{"rendered":"M\u00c9LANGE BALANCE"},"content":{"rendered":"\r\n<p>Le<em><strong> M\u00e9lange Balance de Bass\u00e9<\/strong><\/em> est une combinaison savoureuse d&rsquo;arachides et d&rsquo;amandes grill\u00e9es croquantes, associ\u00e9es \u00e0 des canneberges s\u00e9ch\u00e9es moelleuses et \u00e0 des morceaux de chocolat noir. Ce format \u00e0 emballages multiples comprend 12 sachets de 28 g en portion individuelle.<\/p>\r\n","protected":false},"featured_media":2897,"template":"","product-category":[19],"class_list":["post-1058","product","type-product","status-publish","has-post-thumbnail","hentry","product-category-portions-individuelles"],"acf":[],"aioseo_notices":[],"_links":{"self":[{"href":"https:\/\/bassenuts.com\/fr\/wp-json\/wp\/v2\/product\/1058","targetHints":{"allow":["GET"]}}],"collection":[{"href":"https:\/\/bassenuts.com\/fr\/wp-json\/wp\/v2\/product"}],"about":[{"href":"https:\/\/bassenuts.com\/fr\/wp-json\/wp\/v2\/types\/product"}],"wp:featuredmedia":[{"embeddable":true,"href":"https:\/\/bassenuts.com\/fr\/wp-json\/wp\/v2\/media\/2897"}],"wp:attachment":[{"href":"https:\/\/bassenuts.com\/fr\/wp-json\/wp\/v2\/media?parent=1058"}],"wp:term":[{"taxonomy":"product-category","embeddable":true,"href":"https:\/\/bassenuts.com\/fr\/wp-json\/wp\/v2\/product-category?post=1058"}],"curies":[{"name":"wp","href":"https:\/\/api.w.org\/{rel}","templated":true}]}}