{"id":1057,"date":"2025-03-28T19:57:19","date_gmt":"2025-03-28T19:57:19","guid":{"rendered":"https:\/\/bassenuts.com\/product\/peanut-crunch-mix\/"},"modified":"2025-07-21T13:27:02","modified_gmt":"2025-07-21T13:27:02","slug":"melange-croquant-darachides","status":"publish","type":"product","link":"https:\/\/bassenuts.com\/fr\/product\/melange-croquant-darachides\/","title":{"rendered":"M\u00c9LANGE CROQUANT D&rsquo;ARACHIDES"},"content":{"rendered":"\r\n<p>Le <em><strong>M\u00e9lange Croquant d&rsquo;Arachides<\/strong><\/em> de Bass\u00e9 est une combinaison sucr\u00e9e et sal\u00e9e d&rsquo;arachides r\u00f4ties et pralin\u00e9es, de canneberges s\u00e9ch\u00e9es moelleuses et de p\u00e9pites de beurre d&rsquo;arachides sucr\u00e9es. Ce format \u00e0 emballages multiples comprend 24 sachets de 28 g en portion individuelle.<\/p>\r\n","protected":false},"featured_media":2901,"template":"","product-category":[19],"class_list":["post-1057","product","type-product","status-publish","has-post-thumbnail","hentry","product-category-portions-individuelles"],"acf":[],"aioseo_notices":[],"_links":{"self":[{"href":"https:\/\/bassenuts.com\/fr\/wp-json\/wp\/v2\/product\/1057","targetHints":{"allow":["GET"]}}],"collection":[{"href":"https:\/\/bassenuts.com\/fr\/wp-json\/wp\/v2\/product"}],"about":[{"href":"https:\/\/bassenuts.com\/fr\/wp-json\/wp\/v2\/types\/product"}],"wp:featuredmedia":[{"embeddable":true,"href":"https:\/\/bassenuts.com\/fr\/wp-json\/wp\/v2\/media\/2901"}],"wp:attachment":[{"href":"https:\/\/bassenuts.com\/fr\/wp-json\/wp\/v2\/media?parent=1057"}],"wp:term":[{"taxonomy":"product-category","embeddable":true,"href":"https:\/\/bassenuts.com\/fr\/wp-json\/wp\/v2\/product-category?post=1057"}],"curies":[{"name":"wp","href":"https:\/\/api.w.org\/{rel}","templated":true}]}}