{"id":1056,"date":"2025-03-28T20:00:27","date_gmt":"2025-03-28T20:00:27","guid":{"rendered":"https:\/\/bassenuts.com\/product\/pura-vida-mix\/"},"modified":"2025-07-21T13:25:53","modified_gmt":"2025-07-21T13:25:53","slug":"melange-pura-vida","status":"publish","type":"product","link":"https:\/\/bassenuts.com\/fr\/product\/melange-pura-vida\/","title":{"rendered":"M\u00c9LANGE PURA VIDA"},"content":{"rendered":"\r\n<p>Le <em><strong>M\u00e9lange Pura Vida<\/strong><\/em> de Bass\u00e9 combine des arachides croquantes, des canneberges s\u00e9ch\u00e9es moelleuses et des p\u00e9pites \u00e0 saveur de yogourt. Ce format \u00e0 emballages multiples comprend 24 sachets de 28 g en portion individuelle.<\/p>\r\n","protected":false},"featured_media":2905,"template":"","product-category":[19],"class_list":["post-1056","product","type-product","status-publish","has-post-thumbnail","hentry","product-category-portions-individuelles"],"acf":[],"aioseo_notices":[],"_links":{"self":[{"href":"https:\/\/bassenuts.com\/fr\/wp-json\/wp\/v2\/product\/1056","targetHints":{"allow":["GET"]}}],"collection":[{"href":"https:\/\/bassenuts.com\/fr\/wp-json\/wp\/v2\/product"}],"about":[{"href":"https:\/\/bassenuts.com\/fr\/wp-json\/wp\/v2\/types\/product"}],"wp:featuredmedia":[{"embeddable":true,"href":"https:\/\/bassenuts.com\/fr\/wp-json\/wp\/v2\/media\/2905"}],"wp:attachment":[{"href":"https:\/\/bassenuts.com\/fr\/wp-json\/wp\/v2\/media?parent=1056"}],"wp:term":[{"taxonomy":"product-category","embeddable":true,"href":"https:\/\/bassenuts.com\/fr\/wp-json\/wp\/v2\/product-category?post=1056"}],"curies":[{"name":"wp","href":"https:\/\/api.w.org\/{rel}","templated":true}]}}