{"id":1055,"date":"2025-03-28T20:03:48","date_gmt":"2025-03-28T20:03:48","guid":{"rendered":"https:\/\/bassenuts.com\/product\/summit-mix\/"},"modified":"2025-07-21T13:24:11","modified_gmt":"2025-07-21T13:24:11","slug":"melange-du-sommet-4","status":"publish","type":"product","link":"https:\/\/bassenuts.com\/fr\/product\/melange-du-sommet-4\/","title":{"rendered":"M\u00c9LANGE DU SOMMET"},"content":{"rendered":"\r\n<p>Le <em><strong>M\u00e9lange du Sommet<\/strong><\/em> de Bass\u00e9 combine des arachides et des amandes r\u00f4ties et croquantes avec des canneberges s\u00e9ch\u00e9es douces et moelleuses. Ce format \u00e0 emballages multiples comprend 24 sachets de 28 g en portion individuelle.<\/p>\r\n","protected":false},"featured_media":2988,"template":"","product-category":[19],"class_list":["post-1055","product","type-product","status-publish","has-post-thumbnail","hentry","product-category-portions-individuelles"],"acf":[],"aioseo_notices":[],"_links":{"self":[{"href":"https:\/\/bassenuts.com\/fr\/wp-json\/wp\/v2\/product\/1055","targetHints":{"allow":["GET"]}}],"collection":[{"href":"https:\/\/bassenuts.com\/fr\/wp-json\/wp\/v2\/product"}],"about":[{"href":"https:\/\/bassenuts.com\/fr\/wp-json\/wp\/v2\/types\/product"}],"wp:featuredmedia":[{"embeddable":true,"href":"https:\/\/bassenuts.com\/fr\/wp-json\/wp\/v2\/media\/2988"}],"wp:attachment":[{"href":"https:\/\/bassenuts.com\/fr\/wp-json\/wp\/v2\/media?parent=1055"}],"wp:term":[{"taxonomy":"product-category","embeddable":true,"href":"https:\/\/bassenuts.com\/fr\/wp-json\/wp\/v2\/product-category?post=1055"}],"curies":[{"name":"wp","href":"https:\/\/api.w.org\/{rel}","templated":true}]}}