{"id":1054,"date":"2025-03-28T19:30:50","date_gmt":"2025-03-28T19:30:50","guid":{"rendered":"https:\/\/bassenuts.com\/product\/barista-blend\/"},"modified":"2025-06-04T07:01:02","modified_gmt":"2025-06-04T07:01:02","slug":"melange-barista","status":"publish","type":"product","link":"https:\/\/bassenuts.com\/fr\/product\/melange-barista\/","title":{"rendered":"M\u00c9LANGE BARISTA"},"content":{"rendered":"\r\n<p><span data-sheets-root=\"1\">Le <em><strong>M\u00e9lange Barista<\/strong><\/em> de Bass\u00e9 est une combinaison aromatique d&rsquo;arachides r\u00f4ties et pralin\u00e9es croquantes, de raisins secs sucr\u00e9s enrob\u00e9s de yogourt, accompagn\u00e9s de grains de caf\u00e9 onctueux enrob\u00e9s de chocolat noir et de chocolat au lait. Cet assortiment de saveurs est id\u00e9al pour accompagner une tasse de caf\u00e9 matinale. <\/span><\/p>\r\n","protected":false},"featured_media":2690,"template":"","product-category":[18],"class_list":["post-1054","product","type-product","status-publish","has-post-thumbnail","hentry","product-category-melanges-montagnards"],"acf":[],"aioseo_notices":[],"_links":{"self":[{"href":"https:\/\/bassenuts.com\/fr\/wp-json\/wp\/v2\/product\/1054","targetHints":{"allow":["GET"]}}],"collection":[{"href":"https:\/\/bassenuts.com\/fr\/wp-json\/wp\/v2\/product"}],"about":[{"href":"https:\/\/bassenuts.com\/fr\/wp-json\/wp\/v2\/types\/product"}],"wp:featuredmedia":[{"embeddable":true,"href":"https:\/\/bassenuts.com\/fr\/wp-json\/wp\/v2\/media\/2690"}],"wp:attachment":[{"href":"https:\/\/bassenuts.com\/fr\/wp-json\/wp\/v2\/media?parent=1054"}],"wp:term":[{"taxonomy":"product-category","embeddable":true,"href":"https:\/\/bassenuts.com\/fr\/wp-json\/wp\/v2\/product-category?post=1054"}],"curies":[{"name":"wp","href":"https:\/\/api.w.org\/{rel}","templated":true}]}}