{"id":1053,"date":"2025-03-28T19:29:08","date_gmt":"2025-03-28T19:29:08","guid":{"rendered":"https:\/\/bassenuts.com\/product\/canadian-maple-nuts-2\/"},"modified":"2025-06-05T04:42:33","modified_gmt":"2025-06-05T04:42:33","slug":"noix-a-lerable-du-canada-2","status":"publish","type":"product","link":"https:\/\/bassenuts.com\/fr\/product\/noix-a-lerable-du-canada-2\/","title":{"rendered":"NOIX \u00c0 L&rsquo;\u00c9RABLE DU CANADA \u2013 198g"},"content":{"rendered":"\r\n<p><span data-sheets-root=\"1\">Le <em><strong>M\u00e9lange de Noix \u00e0 l&rsquo;\u00e9rable du Canada<\/strong><\/em> de Bass\u00e9 rend hommage \u00e0 nos racines canadiennes. Nos amandes, noix de Grenoble, noisettes, noix de cajou, pistaches et pacanes de qualit\u00e9 sup\u00e9rieure sont enrob\u00e9es de sucre d&rsquo;\u00e9rable doux et d\u00e9lectable. <\/span><\/p>\r\n\r\n\r\n\r\n<p>&nbsp;<\/p>\r\n","protected":false},"featured_media":2918,"template":"","product-category":[18],"class_list":["post-1053","product","type-product","status-publish","has-post-thumbnail","hentry","product-category-melanges-montagnards"],"acf":[],"aioseo_notices":[],"_links":{"self":[{"href":"https:\/\/bassenuts.com\/fr\/wp-json\/wp\/v2\/product\/1053","targetHints":{"allow":["GET"]}}],"collection":[{"href":"https:\/\/bassenuts.com\/fr\/wp-json\/wp\/v2\/product"}],"about":[{"href":"https:\/\/bassenuts.com\/fr\/wp-json\/wp\/v2\/types\/product"}],"wp:featuredmedia":[{"embeddable":true,"href":"https:\/\/bassenuts.com\/fr\/wp-json\/wp\/v2\/media\/2918"}],"wp:attachment":[{"href":"https:\/\/bassenuts.com\/fr\/wp-json\/wp\/v2\/media?parent=1053"}],"wp:term":[{"taxonomy":"product-category","embeddable":true,"href":"https:\/\/bassenuts.com\/fr\/wp-json\/wp\/v2\/product-category?post=1053"}],"curies":[{"name":"wp","href":"https:\/\/api.w.org\/{rel}","templated":true}]}}