{"id":1051,"date":"2025-03-28T20:22:15","date_gmt":"2025-03-28T20:22:15","guid":{"rendered":"https:\/\/bassenuts.com\/product\/extreme-mix\/"},"modified":"2025-06-04T12:05:19","modified_gmt":"2025-06-04T12:05:19","slug":"melange-extreme","status":"publish","type":"product","link":"https:\/\/bassenuts.com\/fr\/product\/melange-extreme\/","title":{"rendered":"M\u00c9LANGE EXTR\u00caME"},"content":{"rendered":"\r\n<p><span data-sheets-root=\"1\">Le <em><strong>M\u00e9lange Beurre d&rsquo;Arachide Extr\u00eame<\/strong><\/em> de Bass\u00e9 est une combinaison indulgente d&rsquo;arachides r\u00f4ties, accompagn\u00e9es de la saveur sucr\u00e9e de cacahu\u00e8tes enrob\u00e9es de yaourt, de bonbons au chocolat et d&rsquo;\u00e9clats de beurre de cacahu\u00e8te. Ce m\u00e9lange peut \u00eatre d\u00e9gust\u00e9 comme en-cas ou utilis\u00e9 pour ajouter du croquant et de la saveur \u00e0 une vari\u00e9t\u00e9 de produits de boulangerie\u00a0\u00a0\u00a0 \u00a0\u00a0<\/span><\/p>\r\n","protected":false},"featured_media":3793,"template":"","product-category":[18],"class_list":["post-1051","product","type-product","status-publish","has-post-thumbnail","hentry","product-category-melanges-montagnards"],"acf":[],"aioseo_notices":[],"_links":{"self":[{"href":"https:\/\/bassenuts.com\/fr\/wp-json\/wp\/v2\/product\/1051","targetHints":{"allow":["GET"]}}],"collection":[{"href":"https:\/\/bassenuts.com\/fr\/wp-json\/wp\/v2\/product"}],"about":[{"href":"https:\/\/bassenuts.com\/fr\/wp-json\/wp\/v2\/types\/product"}],"wp:featuredmedia":[{"embeddable":true,"href":"https:\/\/bassenuts.com\/fr\/wp-json\/wp\/v2\/media\/3793"}],"wp:attachment":[{"href":"https:\/\/bassenuts.com\/fr\/wp-json\/wp\/v2\/media?parent=1051"}],"wp:term":[{"taxonomy":"product-category","embeddable":true,"href":"https:\/\/bassenuts.com\/fr\/wp-json\/wp\/v2\/product-category?post=1051"}],"curies":[{"name":"wp","href":"https:\/\/api.w.org\/{rel}","templated":true}]}}