{"id":1050,"date":"2025-03-28T20:24:58","date_gmt":"2025-03-28T20:24:58","guid":{"rendered":"https:\/\/bassenuts.com\/product\/peak-performance-mix\/"},"modified":"2025-06-04T12:10:29","modified_gmt":"2025-06-04T12:10:29","slug":"melange-force-du-sommet","status":"publish","type":"product","link":"https:\/\/bassenuts.com\/fr\/product\/melange-force-du-sommet\/","title":{"rendered":"M\u00c9LANGE FORCE DU SOMMET"},"content":{"rendered":"<p>Le <em><strong>M\u00e9lange Force du Sommet<\/strong><\/em> de Bass\u00e9 un m\u00e9lange nutritif de noix, de graines et de fruits secs. Il combine des arachides, des noix de cajou et des graines de citrouille r\u00f4ties et croquantes avec des raisins secs et des ananas s\u00e9ch\u00e9s doux et moelleux, id\u00e9al comme collation ou comme garniture de salade.<\/p>\n","protected":false},"featured_media":3785,"template":"","product-category":[18],"class_list":["post-1050","product","type-product","status-publish","has-post-thumbnail","hentry","product-category-melanges-montagnards"],"acf":[],"aioseo_notices":[],"_links":{"self":[{"href":"https:\/\/bassenuts.com\/fr\/wp-json\/wp\/v2\/product\/1050","targetHints":{"allow":["GET"]}}],"collection":[{"href":"https:\/\/bassenuts.com\/fr\/wp-json\/wp\/v2\/product"}],"about":[{"href":"https:\/\/bassenuts.com\/fr\/wp-json\/wp\/v2\/types\/product"}],"wp:featuredmedia":[{"embeddable":true,"href":"https:\/\/bassenuts.com\/fr\/wp-json\/wp\/v2\/media\/3785"}],"wp:attachment":[{"href":"https:\/\/bassenuts.com\/fr\/wp-json\/wp\/v2\/media?parent=1050"}],"wp:term":[{"taxonomy":"product-category","embeddable":true,"href":"https:\/\/bassenuts.com\/fr\/wp-json\/wp\/v2\/product-category?post=1050"}],"curies":[{"name":"wp","href":"https:\/\/api.w.org\/{rel}","templated":true}]}}