{"id":1049,"date":"2025-03-28T20:29:11","date_gmt":"2025-03-28T20:29:11","guid":{"rendered":"https:\/\/bassenuts.com\/product\/peanut-burst-mix\/"},"modified":"2025-06-04T12:19:18","modified_gmt":"2025-06-04T12:19:18","slug":"melange-profusion-darachides","status":"publish","type":"product","link":"https:\/\/bassenuts.com\/fr\/product\/melange-profusion-darachides\/","title":{"rendered":"M\u00c9LANGE PROFUSION D&rsquo;ARACHIDES"},"content":{"rendered":"<p>Le <em><strong>M\u00e9lange Profusion d&rsquo;Arachides<\/strong><\/em> de Bass\u00e9 est une collation d\u00e9cadente et d\u00e9bordante de saveurs. Les arachides r\u00f4ties croquantes et les bretzels sal\u00e9s rencontrent les saveurs sucr\u00e9es et indulgentes d&rsquo;arachides enrob\u00e9es de yogourt, d&rsquo;arachides pralin\u00e9es et de coupes et de p\u00e9pites au beurre d&rsquo;arachide.<\/p>\n","protected":false},"featured_media":2871,"template":"","product-category":[18],"class_list":["post-1049","product","type-product","status-publish","has-post-thumbnail","hentry","product-category-melanges-montagnards"],"acf":[],"aioseo_notices":[],"_links":{"self":[{"href":"https:\/\/bassenuts.com\/fr\/wp-json\/wp\/v2\/product\/1049","targetHints":{"allow":["GET"]}}],"collection":[{"href":"https:\/\/bassenuts.com\/fr\/wp-json\/wp\/v2\/product"}],"about":[{"href":"https:\/\/bassenuts.com\/fr\/wp-json\/wp\/v2\/types\/product"}],"wp:featuredmedia":[{"embeddable":true,"href":"https:\/\/bassenuts.com\/fr\/wp-json\/wp\/v2\/media\/2871"}],"wp:attachment":[{"href":"https:\/\/bassenuts.com\/fr\/wp-json\/wp\/v2\/media?parent=1049"}],"wp:term":[{"taxonomy":"product-category","embeddable":true,"href":"https:\/\/bassenuts.com\/fr\/wp-json\/wp\/v2\/product-category?post=1049"}],"curies":[{"name":"wp","href":"https:\/\/api.w.org\/{rel}","templated":true}]}}