{"id":1048,"date":"2025-03-28T20:31:34","date_gmt":"2025-03-28T20:31:34","guid":{"rendered":"https:\/\/bassenuts.com\/product\/pub-mix\/"},"modified":"2025-06-05T04:01:06","modified_gmt":"2025-06-05T04:01:06","slug":"melange-pub","status":"publish","type":"product","link":"https:\/\/bassenuts.com\/fr\/product\/melange-pub\/","title":{"rendered":"M\u00c9LANGE PUB"},"content":{"rendered":"<p>Le <em><strong>M\u00e9lange Pub<\/strong><\/em> de Bass\u00e9 est une savoureuse combinaison d&rsquo;arachides barbecue, de bretzels, d&rsquo;arachides pralin\u00e9es, de croustilles de ma\u00efs, de b\u00e2tonnets de s\u00e9same et de b\u00e2tonnets de ma\u00efs cajun. Ce m\u00e9lange de saveurs sucr\u00e9es, \u00e9pic\u00e9es et sal\u00e9es est id\u00e9al pour grignoter sur le pouce ou pour recevoir des invit\u00e9s \u00e0 la maison. Cet assortiment de saveurs sucr\u00e9es et \u00e9pic\u00e9es est id\u00e9al pour satisfaire une fringale ou pour recevoir des invit\u00e9s \u00e0 la maison.<\/p>\n","protected":false},"featured_media":2882,"template":"","product-category":[18],"class_list":["post-1048","product","type-product","status-publish","has-post-thumbnail","hentry","product-category-melanges-montagnards"],"acf":[],"aioseo_notices":[],"_links":{"self":[{"href":"https:\/\/bassenuts.com\/fr\/wp-json\/wp\/v2\/product\/1048","targetHints":{"allow":["GET"]}}],"collection":[{"href":"https:\/\/bassenuts.com\/fr\/wp-json\/wp\/v2\/product"}],"about":[{"href":"https:\/\/bassenuts.com\/fr\/wp-json\/wp\/v2\/types\/product"}],"wp:featuredmedia":[{"embeddable":true,"href":"https:\/\/bassenuts.com\/fr\/wp-json\/wp\/v2\/media\/2882"}],"wp:attachment":[{"href":"https:\/\/bassenuts.com\/fr\/wp-json\/wp\/v2\/media?parent=1048"}],"wp:term":[{"taxonomy":"product-category","embeddable":true,"href":"https:\/\/bassenuts.com\/fr\/wp-json\/wp\/v2\/product-category?post=1048"}],"curies":[{"name":"wp","href":"https:\/\/api.w.org\/{rel}","templated":true}]}}