{"id":1047,"date":"2025-03-28T20:33:40","date_gmt":"2025-03-28T20:33:40","guid":{"rendered":"https:\/\/bassenuts.com\/product\/vitality-mix\/"},"modified":"2025-07-17T16:30:07","modified_gmt":"2025-07-17T16:30:07","slug":"melange-vitalite-2","status":"publish","type":"product","link":"https:\/\/bassenuts.com\/fr\/product\/melange-vitalite-2\/","title":{"rendered":"M\u00c9LANGE VITALIT\u00c9"},"content":{"rendered":"<p>Le <em><strong>M\u00e9lange Vitalit\u00e9<\/strong> <\/em>de Bass\u00e9 est une savoureuse combinaison de noix, de fruits s\u00e9ch\u00e9s et de chocolat. Les amandes et les arachides r\u00f4ties et croquantes rencontrent les mangues et les canneberges s\u00e9ch\u00e9es, sucr\u00e9es et moelleuses, accompagn\u00e9es de morceaux de chocolat noir savoureux.<\/p>\n","protected":false},"featured_media":3366,"template":"","product-category":[18],"class_list":["post-1047","product","type-product","status-publish","has-post-thumbnail","hentry","product-category-melanges-montagnards"],"acf":[],"aioseo_notices":[],"_links":{"self":[{"href":"https:\/\/bassenuts.com\/fr\/wp-json\/wp\/v2\/product\/1047","targetHints":{"allow":["GET"]}}],"collection":[{"href":"https:\/\/bassenuts.com\/fr\/wp-json\/wp\/v2\/product"}],"about":[{"href":"https:\/\/bassenuts.com\/fr\/wp-json\/wp\/v2\/types\/product"}],"wp:featuredmedia":[{"embeddable":true,"href":"https:\/\/bassenuts.com\/fr\/wp-json\/wp\/v2\/media\/3366"}],"wp:attachment":[{"href":"https:\/\/bassenuts.com\/fr\/wp-json\/wp\/v2\/media?parent=1047"}],"wp:term":[{"taxonomy":"product-category","embeddable":true,"href":"https:\/\/bassenuts.com\/fr\/wp-json\/wp\/v2\/product-category?post=1047"}],"curies":[{"name":"wp","href":"https:\/\/api.w.org\/{rel}","templated":true}]}}