{"id":1046,"date":"2025-03-28T20:37:12","date_gmt":"2025-03-28T20:37:12","guid":{"rendered":"https:\/\/bassenuts.com\/product\/classic-trail-mix-2\/"},"modified":"2025-07-08T17:38:49","modified_gmt":"2025-07-08T17:38:49","slug":"melange-randonnee-classique","status":"publish","type":"product","link":"https:\/\/bassenuts.com\/fr\/product\/melange-randonnee-classique\/","title":{"rendered":"M\u00c9LANGE RANDONN\u00c9E CLASSIQUE \u2013 600g"},"content":{"rendered":"<p>Le <em><strong>M\u00e9lange Randonn\u00e9e Classique<\/strong><\/em> de Bass\u00e9 est un m\u00e9lange simple de noix, de fruits secs et de chocolat. Il combine des amandes et des arachides r\u00f4ties \u00e0 des raisins secs sucr\u00e9s et moelleux, accompagn\u00e9s de savoureux bonbons au chocolat au lait, pour cr\u00e9er un en-cas id\u00e9al pour les excursions en plein air.<\/p>\n","protected":false},"featured_media":3049,"template":"","product-category":[18],"class_list":["post-1046","product","type-product","status-publish","has-post-thumbnail","hentry","product-category-melanges-montagnards"],"acf":[],"aioseo_notices":[],"_links":{"self":[{"href":"https:\/\/bassenuts.com\/fr\/wp-json\/wp\/v2\/product\/1046","targetHints":{"allow":["GET"]}}],"collection":[{"href":"https:\/\/bassenuts.com\/fr\/wp-json\/wp\/v2\/product"}],"about":[{"href":"https:\/\/bassenuts.com\/fr\/wp-json\/wp\/v2\/types\/product"}],"wp:featuredmedia":[{"embeddable":true,"href":"https:\/\/bassenuts.com\/fr\/wp-json\/wp\/v2\/media\/3049"}],"wp:attachment":[{"href":"https:\/\/bassenuts.com\/fr\/wp-json\/wp\/v2\/media?parent=1046"}],"wp:term":[{"taxonomy":"product-category","embeddable":true,"href":"https:\/\/bassenuts.com\/fr\/wp-json\/wp\/v2\/product-category?post=1046"}],"curies":[{"name":"wp","href":"https:\/\/api.w.org\/{rel}","templated":true}]}}