{"id":1044,"date":"2025-03-28T20:42:44","date_gmt":"2025-03-28T20:42:44","guid":{"rendered":"https:\/\/bassenuts.com\/product\/cranberry-trek-mix\/"},"modified":"2025-07-08T17:29:30","modified_gmt":"2025-07-08T17:29:30","slug":"melange-randonnee-aux-canneberges","status":"publish","type":"product","link":"https:\/\/bassenuts.com\/fr\/product\/melange-randonnee-aux-canneberges\/","title":{"rendered":"M\u00c9LANGE RANDONN\u00c9E AUX CANNEBERGES"},"content":{"rendered":"<p>Le <strong>M\u00e9lange Randonn\u00e9e aux Canneberges<\/strong> de Bass\u00e9 est un savoureux assortiment de noix, de graines et de fruits secs. Il combine des amandes, des arachides et des graines de citrouilles r\u00f4ties \u00e0 des raisins doux et secs et \u00e0 des canneberges s\u00e9ch\u00e9es. Ce m\u00e9lange est pour les collations ou pour \u00eatre utilis\u00e9 comme garniture \u00e0 salade.<\/p>\n","protected":false},"featured_media":3013,"template":"","product-category":[18],"class_list":["post-1044","product","type-product","status-publish","has-post-thumbnail","hentry","product-category-melanges-montagnards"],"acf":[],"aioseo_notices":[],"_links":{"self":[{"href":"https:\/\/bassenuts.com\/fr\/wp-json\/wp\/v2\/product\/1044","targetHints":{"allow":["GET"]}}],"collection":[{"href":"https:\/\/bassenuts.com\/fr\/wp-json\/wp\/v2\/product"}],"about":[{"href":"https:\/\/bassenuts.com\/fr\/wp-json\/wp\/v2\/types\/product"}],"wp:featuredmedia":[{"embeddable":true,"href":"https:\/\/bassenuts.com\/fr\/wp-json\/wp\/v2\/media\/3013"}],"wp:attachment":[{"href":"https:\/\/bassenuts.com\/fr\/wp-json\/wp\/v2\/media?parent=1044"}],"wp:term":[{"taxonomy":"product-category","embeddable":true,"href":"https:\/\/bassenuts.com\/fr\/wp-json\/wp\/v2\/product-category?post=1044"}],"curies":[{"name":"wp","href":"https:\/\/api.w.org\/{rel}","templated":true}]}}