{"id":1043,"date":"2025-03-28T20:45:23","date_gmt":"2025-03-28T20:45:23","guid":{"rendered":"https:\/\/bassenuts.com\/product\/dark-chocolatey-cranberry-mix-2\/"},"modified":"2025-06-05T06:25:08","modified_gmt":"2025-06-05T06:25:08","slug":"melange-chocolate-avec-canneberges-2","status":"publish","type":"product","link":"https:\/\/bassenuts.com\/fr\/product\/melange-chocolate-avec-canneberges-2\/","title":{"rendered":"M\u00c9LANGE CHOCOLAT\u00c9 AVEC CANNEBERGES \u2013 480g"},"content":{"rendered":"<p>Le <em><strong>M\u00e9lange Chocolat\u00e9 avec Canneberges<\/strong><\/em> de Bass\u00e9 est une combinaison harmonieuse d&rsquo;arachides, d&rsquo;amandes, de canneberges s\u00e9ch\u00e9es et de morceaux de chocolat noir. La riche saveur des noix croquantes rencontre la texture sucr\u00e9e et moelleuse des canneberges s\u00e9ch\u00e9es, accompagn\u00e9e de l&rsquo;ar\u00f4me audacieux des morceaux de chocolat noir, pour cr\u00e9er une collation savoureuse et indulgente.<\/p>\n","protected":false},"featured_media":3031,"template":"","product-category":[18],"class_list":["post-1043","product","type-product","status-publish","has-post-thumbnail","hentry","product-category-melanges-montagnards"],"acf":[],"aioseo_notices":[],"_links":{"self":[{"href":"https:\/\/bassenuts.com\/fr\/wp-json\/wp\/v2\/product\/1043","targetHints":{"allow":["GET"]}}],"collection":[{"href":"https:\/\/bassenuts.com\/fr\/wp-json\/wp\/v2\/product"}],"about":[{"href":"https:\/\/bassenuts.com\/fr\/wp-json\/wp\/v2\/types\/product"}],"wp:featuredmedia":[{"embeddable":true,"href":"https:\/\/bassenuts.com\/fr\/wp-json\/wp\/v2\/media\/3031"}],"wp:attachment":[{"href":"https:\/\/bassenuts.com\/fr\/wp-json\/wp\/v2\/media?parent=1043"}],"wp:term":[{"taxonomy":"product-category","embeddable":true,"href":"https:\/\/bassenuts.com\/fr\/wp-json\/wp\/v2\/product-category?post=1043"}],"curies":[{"name":"wp","href":"https:\/\/api.w.org\/{rel}","templated":true}]}}