{"id":1042,"date":"2025-03-28T20:48:50","date_gmt":"2025-03-28T20:48:50","guid":{"rendered":"https:\/\/bassenuts.com\/product\/earth-mix\/"},"modified":"2025-06-05T06:32:35","modified_gmt":"2025-06-05T06:32:35","slug":"melange-terrestre","status":"publish","type":"product","link":"https:\/\/bassenuts.com\/fr\/product\/melange-terrestre\/","title":{"rendered":"M\u00c9LANGE TERRESTRE"},"content":{"rendered":"<p>Le <em><strong>M\u00e9lange Terrestre<\/strong><\/em> de Bass\u00e9 est un m\u00e9lange de noix, de graines et de fruits secs. Il combine des noisettes, des amandes et des arachides roties, riches et croquantes, avec des dattes et des ananas s\u00e9ch\u00e9s, accompagn\u00e9s de graines de tournesol et de citrouille r\u00f4ties. Ce m\u00e9lange peut \u00eatre d\u00e9gust\u00e9 comme en-cas ou utilis\u00e9 pour ajouter du croquant et de la saveur \u00e0 une salade.<\/p>\n","protected":false},"featured_media":3041,"template":"","product-category":[18],"class_list":["post-1042","product","type-product","status-publish","has-post-thumbnail","hentry","product-category-melanges-montagnards"],"acf":[],"aioseo_notices":[],"_links":{"self":[{"href":"https:\/\/bassenuts.com\/fr\/wp-json\/wp\/v2\/product\/1042","targetHints":{"allow":["GET"]}}],"collection":[{"href":"https:\/\/bassenuts.com\/fr\/wp-json\/wp\/v2\/product"}],"about":[{"href":"https:\/\/bassenuts.com\/fr\/wp-json\/wp\/v2\/types\/product"}],"wp:featuredmedia":[{"embeddable":true,"href":"https:\/\/bassenuts.com\/fr\/wp-json\/wp\/v2\/media\/3041"}],"wp:attachment":[{"href":"https:\/\/bassenuts.com\/fr\/wp-json\/wp\/v2\/media?parent=1042"}],"wp:term":[{"taxonomy":"product-category","embeddable":true,"href":"https:\/\/bassenuts.com\/fr\/wp-json\/wp\/v2\/product-category?post=1042"}],"curies":[{"name":"wp","href":"https:\/\/api.w.org\/{rel}","templated":true}]}}