{"id":1041,"date":"2025-03-28T20:52:21","date_gmt":"2025-03-28T20:52:21","guid":{"rendered":"https:\/\/bassenuts.com\/product\/edamame-power-mix\/"},"modified":"2025-06-05T06:35:34","modified_gmt":"2025-06-05T06:35:34","slug":"melange-edamames-vitalite","status":"publish","type":"product","link":"https:\/\/bassenuts.com\/fr\/product\/melange-edamames-vitalite\/","title":{"rendered":"M\u00c9LANGE EDAMAMES VITALIT\u00c9"},"content":{"rendered":"<p>Le <strong>M\u00e9lange Edamame Vitalit\u00e9<\/strong> de Bass\u00e9 est un m\u00e9lange prot\u00e9in\u00e9 d&rsquo;edamames r\u00f4ties, de canneberges s\u00e9ch\u00e9es, de graines de citrouille et d&rsquo;amandes. Ce m\u00e9lange peut \u00eatre grignot\u00e9 tout au long de la journ\u00e9e et peut \u00e9galement \u00eatre utilis\u00e9 comme garniture \u00e0 salade.<\/p>\n","protected":false},"featured_media":3045,"template":"","product-category":[18],"class_list":["post-1041","product","type-product","status-publish","has-post-thumbnail","hentry","product-category-melanges-montagnards"],"acf":[],"aioseo_notices":[],"_links":{"self":[{"href":"https:\/\/bassenuts.com\/fr\/wp-json\/wp\/v2\/product\/1041","targetHints":{"allow":["GET"]}}],"collection":[{"href":"https:\/\/bassenuts.com\/fr\/wp-json\/wp\/v2\/product"}],"about":[{"href":"https:\/\/bassenuts.com\/fr\/wp-json\/wp\/v2\/types\/product"}],"wp:featuredmedia":[{"embeddable":true,"href":"https:\/\/bassenuts.com\/fr\/wp-json\/wp\/v2\/media\/3045"}],"wp:attachment":[{"href":"https:\/\/bassenuts.com\/fr\/wp-json\/wp\/v2\/media?parent=1041"}],"wp:term":[{"taxonomy":"product-category","embeddable":true,"href":"https:\/\/bassenuts.com\/fr\/wp-json\/wp\/v2\/product-category?post=1041"}],"curies":[{"name":"wp","href":"https:\/\/api.w.org\/{rel}","templated":true}]}}