{"id":1040,"date":"2025-03-28T20:54:39","date_gmt":"2025-03-28T20:54:39","guid":{"rendered":"https:\/\/bassenuts.com\/product\/exotic-fruit-mix\/"},"modified":"2025-07-08T16:20:39","modified_gmt":"2025-07-08T16:20:39","slug":"melange-de-fruits-exotiques","status":"publish","type":"product","link":"https:\/\/bassenuts.com\/fr\/product\/melange-de-fruits-exotiques\/","title":{"rendered":"M\u00c9LANGE DE FRUITS EXOTIQUES"},"content":{"rendered":"<p>Le <em><strong>M\u00e9lange Fruits Exotiques<\/strong><\/em> de Bass\u00e9 est un savoureux assortiment de fruits secs. Avec sa combinaison de raisins secs moelleux, d&rsquo;ananas s\u00e9ch\u00e9s, de canneberges et de cerises, de tranches de noix de coco sucr\u00e9es et de chips de banane croquants, ce m\u00e9lange de fruits s\u00e9ch\u00e9s est l&rsquo;option id\u00e9ale pour satisfaire une fringale.<\/p>\n","protected":false},"featured_media":3104,"template":"","product-category":[18],"class_list":["post-1040","product","type-product","status-publish","has-post-thumbnail","hentry","product-category-melanges-montagnards"],"acf":[],"aioseo_notices":[],"_links":{"self":[{"href":"https:\/\/bassenuts.com\/fr\/wp-json\/wp\/v2\/product\/1040","targetHints":{"allow":["GET"]}}],"collection":[{"href":"https:\/\/bassenuts.com\/fr\/wp-json\/wp\/v2\/product"}],"about":[{"href":"https:\/\/bassenuts.com\/fr\/wp-json\/wp\/v2\/types\/product"}],"wp:featuredmedia":[{"embeddable":true,"href":"https:\/\/bassenuts.com\/fr\/wp-json\/wp\/v2\/media\/3104"}],"wp:attachment":[{"href":"https:\/\/bassenuts.com\/fr\/wp-json\/wp\/v2\/media?parent=1040"}],"wp:term":[{"taxonomy":"product-category","embeddable":true,"href":"https:\/\/bassenuts.com\/fr\/wp-json\/wp\/v2\/product-category?post=1040"}],"curies":[{"name":"wp","href":"https:\/\/api.w.org\/{rel}","templated":true}]}}