{"id":1039,"date":"2025-03-28T20:57:46","date_gmt":"2025-03-28T20:57:46","guid":{"rendered":"https:\/\/bassenuts.com\/product\/island-mix\/"},"modified":"2025-06-05T06:17:53","modified_gmt":"2025-06-05T06:17:53","slug":"melange-des-iles","status":"publish","type":"product","link":"https:\/\/bassenuts.com\/fr\/product\/melange-des-iles\/","title":{"rendered":"M\u00c9LANGE DES \u00ceLES"},"content":{"rendered":"<p>Le <em><strong>M\u00e9lange des \u00celes<\/strong><\/em> de Bass\u00e9 est un m\u00e9lange savoureux de noix et de fruits secs. Il combine des amandes et des arachides r\u00f4ties et croquantes, des ananas et des canneberges s\u00e9ch\u00e9s et moelleux, des tranches de noix de coco et des raisins secs enrob\u00e9s de yogourt pour cr\u00e9er une collation originale et savoureuse.<\/p>\n","protected":false},"featured_media":3021,"template":"","product-category":[18],"class_list":["post-1039","product","type-product","status-publish","has-post-thumbnail","hentry","product-category-melanges-montagnards"],"acf":[],"aioseo_notices":[],"_links":{"self":[{"href":"https:\/\/bassenuts.com\/fr\/wp-json\/wp\/v2\/product\/1039","targetHints":{"allow":["GET"]}}],"collection":[{"href":"https:\/\/bassenuts.com\/fr\/wp-json\/wp\/v2\/product"}],"about":[{"href":"https:\/\/bassenuts.com\/fr\/wp-json\/wp\/v2\/types\/product"}],"wp:featuredmedia":[{"embeddable":true,"href":"https:\/\/bassenuts.com\/fr\/wp-json\/wp\/v2\/media\/3021"}],"wp:attachment":[{"href":"https:\/\/bassenuts.com\/fr\/wp-json\/wp\/v2\/media?parent=1039"}],"wp:term":[{"taxonomy":"product-category","embeddable":true,"href":"https:\/\/bassenuts.com\/fr\/wp-json\/wp\/v2\/product-category?post=1039"}],"curies":[{"name":"wp","href":"https:\/\/api.w.org\/{rel}","templated":true}]}}