{"id":1038,"date":"2025-03-28T21:00:30","date_gmt":"2025-03-28T21:00:30","guid":{"rendered":"https:\/\/bassenuts.com\/product\/magic-mix\/"},"modified":"2025-06-05T05:20:49","modified_gmt":"2025-06-05T05:20:49","slug":"melange-magique","status":"publish","type":"product","link":"https:\/\/bassenuts.com\/fr\/product\/melange-magique\/","title":{"rendered":"M\u00c9LANGE MAGIQUE"},"content":{"rendered":"<p>Le <em><strong>M\u00e9lange Magique<\/strong><\/em> de Bass\u00e9 est un m\u00e9lange savoureux d&rsquo;arachides r\u00f4ties et pralin\u00e9es croquantes, de raisins secs sucr\u00e9s et moelleux, combin\u00e9s \u00e0 des bonbons au chocolat au lait savoureux et \u00e0 des p\u00e9pites de beurre d&rsquo;arachide.<\/p>\n","protected":false},"featured_media":2958,"template":"","product-category":[18],"class_list":["post-1038","product","type-product","status-publish","has-post-thumbnail","hentry","product-category-melanges-montagnards"],"acf":[],"aioseo_notices":[],"_links":{"self":[{"href":"https:\/\/bassenuts.com\/fr\/wp-json\/wp\/v2\/product\/1038","targetHints":{"allow":["GET"]}}],"collection":[{"href":"https:\/\/bassenuts.com\/fr\/wp-json\/wp\/v2\/product"}],"about":[{"href":"https:\/\/bassenuts.com\/fr\/wp-json\/wp\/v2\/types\/product"}],"wp:featuredmedia":[{"embeddable":true,"href":"https:\/\/bassenuts.com\/fr\/wp-json\/wp\/v2\/media\/2958"}],"wp:attachment":[{"href":"https:\/\/bassenuts.com\/fr\/wp-json\/wp\/v2\/media?parent=1038"}],"wp:term":[{"taxonomy":"product-category","embeddable":true,"href":"https:\/\/bassenuts.com\/fr\/wp-json\/wp\/v2\/product-category?post=1038"}],"curies":[{"name":"wp","href":"https:\/\/api.w.org\/{rel}","templated":true}]}}