{"id":1037,"date":"2025-03-28T21:03:03","date_gmt":"2025-03-28T21:03:03","guid":{"rendered":"https:\/\/bassenuts.com\/product\/mountain-peak-mix-3\/"},"modified":"2025-06-05T06:29:35","modified_gmt":"2025-06-05T06:29:35","slug":"melange-du-sommet-3","status":"publish","type":"product","link":"https:\/\/bassenuts.com\/fr\/product\/melange-du-sommet-3\/","title":{"rendered":"M\u00c9LANGE DU SOMMET \u2013 600g"},"content":{"rendered":"<p>Le <em><strong>M\u00e9lange du Sommet<\/strong><\/em> de Bass\u00e9 est une combinaison d&rsquo;arachides, de raisins secs, de graines de tournesol et de citrouille, d&rsquo;amandes et de noix de cajou. Les raisins secs sucr\u00e9s et moelleux rencontrent la saveur riche des noix et des graines croquantes, en faisant un m\u00e9lange id\u00e9al pour une simple collation ou pour ajouter du croquant et de la saveur \u00e0 une salade.<\/p>\n","protected":false},"featured_media":3036,"template":"","product-category":[18],"class_list":["post-1037","product","type-product","status-publish","has-post-thumbnail","hentry","product-category-melanges-montagnards"],"acf":[],"aioseo_notices":[],"_links":{"self":[{"href":"https:\/\/bassenuts.com\/fr\/wp-json\/wp\/v2\/product\/1037","targetHints":{"allow":["GET"]}}],"collection":[{"href":"https:\/\/bassenuts.com\/fr\/wp-json\/wp\/v2\/product"}],"about":[{"href":"https:\/\/bassenuts.com\/fr\/wp-json\/wp\/v2\/types\/product"}],"wp:featuredmedia":[{"embeddable":true,"href":"https:\/\/bassenuts.com\/fr\/wp-json\/wp\/v2\/media\/3036"}],"wp:attachment":[{"href":"https:\/\/bassenuts.com\/fr\/wp-json\/wp\/v2\/media?parent=1037"}],"wp:term":[{"taxonomy":"product-category","embeddable":true,"href":"https:\/\/bassenuts.com\/fr\/wp-json\/wp\/v2\/product-category?post=1037"}],"curies":[{"name":"wp","href":"https:\/\/api.w.org\/{rel}","templated":true}]}}