{"id":1036,"date":"2025-03-28T21:05:16","date_gmt":"2025-03-28T21:05:16","guid":{"rendered":"https:\/\/bassenuts.com\/product\/movie-night-mix\/"},"modified":"2025-06-05T05:27:24","modified_gmt":"2025-06-05T05:27:24","slug":"melange-soiree-cinema","status":"publish","type":"product","link":"https:\/\/bassenuts.com\/fr\/product\/melange-soiree-cinema\/","title":{"rendered":"M\u00c9LANGE SOIR\u00c9E CIN\u00c9MA"},"content":{"rendered":"<p>Le <em><strong>M\u00e9lange Soir\u00e9e Cin\u00e9ma<\/strong><\/em> de Bass\u00e9 est un m\u00e9lange amusant et savoureux d&rsquo;arachides r\u00f4ties croquantes et de bretzels sal\u00e9s, de ma\u00efs souffl\u00e9 au caramel sucr\u00e9, de bonbons \u00e0 la p\u00eache moelleux et de savoureuses arachides enrob\u00e9es de chocolat au lait.<\/p>\n","protected":false},"featured_media":2962,"template":"","product-category":[18],"class_list":["post-1036","product","type-product","status-publish","has-post-thumbnail","hentry","product-category-melanges-montagnards"],"acf":[],"aioseo_notices":[],"_links":{"self":[{"href":"https:\/\/bassenuts.com\/fr\/wp-json\/wp\/v2\/product\/1036","targetHints":{"allow":["GET"]}}],"collection":[{"href":"https:\/\/bassenuts.com\/fr\/wp-json\/wp\/v2\/product"}],"about":[{"href":"https:\/\/bassenuts.com\/fr\/wp-json\/wp\/v2\/types\/product"}],"wp:featuredmedia":[{"embeddable":true,"href":"https:\/\/bassenuts.com\/fr\/wp-json\/wp\/v2\/media\/2962"}],"wp:attachment":[{"href":"https:\/\/bassenuts.com\/fr\/wp-json\/wp\/v2\/media?parent=1036"}],"wp:term":[{"taxonomy":"product-category","embeddable":true,"href":"https:\/\/bassenuts.com\/fr\/wp-json\/wp\/v2\/product-category?post=1036"}],"curies":[{"name":"wp","href":"https:\/\/api.w.org\/{rel}","templated":true}]}}