{"id":1035,"date":"2025-03-28T21:07:41","date_gmt":"2025-03-28T21:07:41","guid":{"rendered":"https:\/\/bassenuts.com\/product\/omega-mix\/"},"modified":"2025-06-05T06:14:03","modified_gmt":"2025-06-05T06:14:03","slug":"melange-omega","status":"publish","type":"product","link":"https:\/\/bassenuts.com\/fr\/product\/melange-omega\/","title":{"rendered":"M\u00c9LANGE OM\u00c9GA"},"content":{"rendered":"<p>Le <em><strong>M\u00e9lange Om\u00e9ga<\/strong><\/em> de Bass\u00e9 est un m\u00e9lange de noix et de fruits secs. Il combine des arachides r\u00f4ties croquantes et des noix de Grenoble \u00e0 des raisins secs sucr\u00e9s et moelleux, des canneberges et des mangues s\u00e9ch\u00e9es pour cr\u00e9er une collation saine et \u00e9quilibr\u00e9e.<\/p>\n","protected":false},"featured_media":3017,"template":"","product-category":[18],"class_list":["post-1035","product","type-product","status-publish","has-post-thumbnail","hentry","product-category-melanges-montagnards"],"acf":[],"aioseo_notices":[],"_links":{"self":[{"href":"https:\/\/bassenuts.com\/fr\/wp-json\/wp\/v2\/product\/1035","targetHints":{"allow":["GET"]}}],"collection":[{"href":"https:\/\/bassenuts.com\/fr\/wp-json\/wp\/v2\/product"}],"about":[{"href":"https:\/\/bassenuts.com\/fr\/wp-json\/wp\/v2\/types\/product"}],"wp:featuredmedia":[{"embeddable":true,"href":"https:\/\/bassenuts.com\/fr\/wp-json\/wp\/v2\/media\/3017"}],"wp:attachment":[{"href":"https:\/\/bassenuts.com\/fr\/wp-json\/wp\/v2\/media?parent=1035"}],"wp:term":[{"taxonomy":"product-category","embeddable":true,"href":"https:\/\/bassenuts.com\/fr\/wp-json\/wp\/v2\/product-category?post=1035"}],"curies":[{"name":"wp","href":"https:\/\/api.w.org\/{rel}","templated":true}]}}