{"id":1034,"date":"2025-03-28T21:10:07","date_gmt":"2025-03-28T21:10:07","guid":{"rendered":"https:\/\/bassenuts.com\/product\/peanut-lovers-mix-2\/"},"modified":"2025-06-05T07:09:55","modified_gmt":"2025-06-05T07:09:55","slug":"melange-amateur-darachides-2","status":"publish","type":"product","link":"https:\/\/bassenuts.com\/fr\/product\/melange-amateur-darachides-2\/","title":{"rendered":"M\u00c9LANGE AMATEUR D&rsquo;ARACHIDES \u2013 600g"},"content":{"rendered":"<p>Le <em><strong>M\u00e9lange Amateur d&rsquo;Arachides<\/strong><\/em> de Bass\u00e9 est un savoureux m\u00e9lange d&rsquo;arachides r\u00f4ties, pralin\u00e9es et enrob\u00e9es de chocolat, de bretzels sal\u00e9s et de savoureuses coupes et p\u00e9pites au beurre d&rsquo;arachide. Cette collation est la combinaison parfaite de sucr\u00e9, de sal\u00e9 et de la douce saveur du beurre d&rsquo;arachide.<\/p>\n","protected":false},"featured_media":3100,"template":"","product-category":[18],"class_list":["post-1034","product","type-product","status-publish","has-post-thumbnail","hentry","product-category-melanges-montagnards"],"acf":[],"aioseo_notices":[],"_links":{"self":[{"href":"https:\/\/bassenuts.com\/fr\/wp-json\/wp\/v2\/product\/1034","targetHints":{"allow":["GET"]}}],"collection":[{"href":"https:\/\/bassenuts.com\/fr\/wp-json\/wp\/v2\/product"}],"about":[{"href":"https:\/\/bassenuts.com\/fr\/wp-json\/wp\/v2\/types\/product"}],"wp:featuredmedia":[{"embeddable":true,"href":"https:\/\/bassenuts.com\/fr\/wp-json\/wp\/v2\/media\/3100"}],"wp:attachment":[{"href":"https:\/\/bassenuts.com\/fr\/wp-json\/wp\/v2\/media?parent=1034"}],"wp:term":[{"taxonomy":"product-category","embeddable":true,"href":"https:\/\/bassenuts.com\/fr\/wp-json\/wp\/v2\/product-category?post=1034"}],"curies":[{"name":"wp","href":"https:\/\/api.w.org\/{rel}","templated":true}]}}