{"id":1033,"date":"2025-03-28T21:12:13","date_gmt":"2025-03-28T21:12:13","guid":{"rendered":"https:\/\/bassenuts.com\/product\/popcorn-mix\/"},"modified":"2025-06-05T06:47:06","modified_gmt":"2025-06-05T06:47:06","slug":"melange-mais-souffle","status":"publish","type":"product","link":"https:\/\/bassenuts.com\/fr\/product\/melange-mais-souffle\/","title":{"rendered":"M\u00c9LANGE MA\u00cfS SOUFFL\u00c9"},"content":{"rendered":"<p>Le <em><strong>M\u00e9lange Ma\u00efs Souffl\u00e9<\/strong><\/em> de Bass\u00e9 est un m\u00e9lange amusant et savoureux d&rsquo;arachides r\u00f4ties et pralin\u00e9es croquantes, de bretzels sal\u00e9s, de morceaux de chocolat noir et de ma\u00efs souffl\u00e9 au caramel savoureux. Cette collation offre une combinaison de saveurs d\u00e9licieusement \u00e9quilibr\u00e9es.<\/p>\n","protected":false},"featured_media":3053,"template":"","product-category":[18],"class_list":["post-1033","product","type-product","status-publish","has-post-thumbnail","hentry","product-category-melanges-montagnards"],"acf":[],"aioseo_notices":[],"_links":{"self":[{"href":"https:\/\/bassenuts.com\/fr\/wp-json\/wp\/v2\/product\/1033","targetHints":{"allow":["GET"]}}],"collection":[{"href":"https:\/\/bassenuts.com\/fr\/wp-json\/wp\/v2\/product"}],"about":[{"href":"https:\/\/bassenuts.com\/fr\/wp-json\/wp\/v2\/types\/product"}],"wp:featuredmedia":[{"embeddable":true,"href":"https:\/\/bassenuts.com\/fr\/wp-json\/wp\/v2\/media\/3053"}],"wp:attachment":[{"href":"https:\/\/bassenuts.com\/fr\/wp-json\/wp\/v2\/media?parent=1033"}],"wp:term":[{"taxonomy":"product-category","embeddable":true,"href":"https:\/\/bassenuts.com\/fr\/wp-json\/wp\/v2\/product-category?post=1033"}],"curies":[{"name":"wp","href":"https:\/\/api.w.org\/{rel}","templated":true}]}}