{"id":1032,"date":"2025-03-28T21:15:31","date_gmt":"2025-03-28T21:15:31","guid":{"rendered":"https:\/\/bassenuts.com\/product\/sweet-spicy-pub-mix\/"},"modified":"2025-06-05T05:31:35","modified_gmt":"2025-06-05T05:31:35","slug":"sweet-spicy-pub-mix","status":"publish","type":"product","link":"https:\/\/bassenuts.com\/fr\/product\/sweet-spicy-pub-mix\/","title":{"rendered":"M\u00c9LANGE PUB SUCR\u00c9 ET \u00c9PIC\u00c9"},"content":{"rendered":"<p>Le <em><strong>M\u00e9lange Pub Sucr\u00e9 et \u00c9pic\u00e9<\/strong><\/em> de Bass\u00e9 est une combinaison fougueuse d&rsquo;arachides assaisonn\u00e9es au miel et au habanero, de b\u00e2tonnets de ma\u00efs cajun \u00e9pic\u00e9s, de croustilles de s\u00e9same r\u00f4ties au miel, d&rsquo;arachides pralines et de bretzels sal\u00e9s. Cette collation est un d\u00e9licieux m\u00e9lange de saveurs sucr\u00e9es, \u00e9pic\u00e9es et sal\u00e9es.<\/p>\n","protected":false},"featured_media":2966,"template":"","product-category":[18],"class_list":["post-1032","product","type-product","status-publish","has-post-thumbnail","hentry","product-category-melanges-montagnards"],"acf":[],"aioseo_notices":[],"_links":{"self":[{"href":"https:\/\/bassenuts.com\/fr\/wp-json\/wp\/v2\/product\/1032","targetHints":{"allow":["GET"]}}],"collection":[{"href":"https:\/\/bassenuts.com\/fr\/wp-json\/wp\/v2\/product"}],"about":[{"href":"https:\/\/bassenuts.com\/fr\/wp-json\/wp\/v2\/types\/product"}],"wp:featuredmedia":[{"embeddable":true,"href":"https:\/\/bassenuts.com\/fr\/wp-json\/wp\/v2\/media\/2966"}],"wp:attachment":[{"href":"https:\/\/bassenuts.com\/fr\/wp-json\/wp\/v2\/media?parent=1032"}],"wp:term":[{"taxonomy":"product-category","embeddable":true,"href":"https:\/\/bassenuts.com\/fr\/wp-json\/wp\/v2\/product-category?post=1032"}],"curies":[{"name":"wp","href":"https:\/\/api.w.org\/{rel}","templated":true}]}}